{"id":2,"date":"2020-10-26T11:37:35","date_gmt":"2020-10-26T11:37:35","guid":{"rendered":"https:\/\/apartments-komiza.net\/addon\/sumartin\/?page_id=2"},"modified":"2021-11-30T15:48:44","modified_gmt":"2021-11-30T15:48:44","slug":"","status":"publish","type":"page","link":"http:\/\/sumartinapartments.com\/hr\/","title":{"rendered":"Dobrodo\u0161li","raw":"Dobrodo\u0161li"},"content":{"rendered":"\n<p>Apartmani Miro nalaze se u Sumartinu, 700 m od pla\u017ee Dubravka, a nude vrt, besplatno privatno parkirali\u0161te i terasu. Pansion nudi obiteljske sobe. Sobe za goste u pansionu opremljene su TV-om ravnog ekrana. Sobe u apartmanima Miro imaju vlastitu kupaonicu i besplatni WiFi. Sve sobe za goste imaju hladnjak. Najbli\u017ea zra\u010dna luka je Zra\u010dna luka Bra\u010d, udaljena 16 km od smje\u0161taja.<\/p>\n\n\n\n<figure class=\"wp-block-pullquote is-style-solid-color\"><blockquote><p><strong>BESPLATAN PARKING, BESPLATAN WIFI, PRILIKA ZA LJUBIMCE, OBITELJSKE SOBE, SHUTTLE, TERASA<\/strong><\/p><\/blockquote><\/figure>\n\n\n\n<div class=\"wp-block-image\"><figure class=\"aligncenter\"><img src=\"https:\/\/apartments-komiza.net\/addon\/sumartin\/wp-content\/uploads\/2021\/11\/214897552.jpg\" alt=\"This image has an empty alt attribute; its file name is 214897552.jpg\"\/><\/figure><\/div>\n","protected":false,"raw":"<!-- wp:paragraph -->\n<p>Apartmani Miro nalaze se u Sumartinu, 700 m od pla\u017ee Dubravka, a nude vrt, besplatno privatno parkirali\u0161te i terasu. Pansion nudi obiteljske sobe. Sobe za goste u pansionu opremljene su TV-om ravnog ekrana. Sobe u apartmanima Miro imaju vlastitu kupaonicu i besplatni WiFi. Sve sobe za goste imaju hladnjak. Najbli\u017ea zra\u010dna luka je Zra\u010dna luka Bra\u010d, udaljena 16 km od smje\u0161taja.<\/p>\n<!-- \/wp:paragraph -->\n\n<!-- wp:pullquote {\"className\":\"is-style-solid-color\"} -->\n<figure class=\"wp-block-pullquote is-style-solid-color\"><blockquote><p><strong>BESPLATAN PARKING, BESPLATAN WIFI, PRILIKA ZA LJUBIMCE, OBITELJSKE SOBE, SHUTTLE, TERASA<\/strong><\/p><\/blockquote><\/figure>\n<!-- \/wp:pullquote -->\n\n<!-- wp:image {\"align\":\"center\"} -->\n<div class=\"wp-block-image\"><figure class=\"aligncenter\"><img src=\"https:\/\/apartments-komiza.net\/addon\/sumartin\/wp-content\/uploads\/2021\/11\/214897552.jpg\" alt=\"This image has an empty alt attribute; its file name is 214897552.jpg\"\/><\/figure><\/div>\n<!-- \/wp:image -->"},"excerpt":{"rendered":"","protected":false,"raw":""},"author":1,"featured_media":0,"parent":0,"menu_order":0,"comment_status":"closed","ping_status":"closed","template":"","meta":{"_en_post_content":"<!-- wp:paragraph -->\n<p>Located in Sumartin, 700 m from Dubravka Beach, Apartmani Miro provides accommodation with a garden, free private parking and a terrace. The guest house features family rooms. Guest rooms in the guest house are equipped with a flat-screen TV. Featuring a private bathroom, rooms at Apartments Miro also offer free WiFi. All guest rooms will provide guests with a fridge. The nearest airport is Bra\u010d Airport, 16 km from the accommodation.<\/p>\n<!-- \/wp:paragraph -->\n\n<!-- wp:pullquote {\"className\":\"is-style-solid-color\"} -->\n<figure class=\"wp-block-pullquote is-style-solid-color\"><blockquote><p><strong>FREE PARKING, FREE WIFI, PET FRIENDLY, FAMILY ROOMS, AIRPORT SHUTTLE, TERRACE<\/strong><\/p><\/blockquote><\/figure>\n<!-- \/wp:pullquote -->\n\n<!-- wp:image {\"align\":\"center\",\"id\":971,\"sizeSlug\":\"large\"} -->\n<div class=\"wp-block-image\"><figure class=\"aligncenter size-large\"><img src=\"https:\/\/apartments-komiza.net\/addon\/sumartin\/wp-content\/uploads\/2021\/11\/214897552.jpg\" alt=\"\" class=\"wp-image-971\"\/><\/figure><\/div>\n<!-- \/wp:image -->\n\n<!-- wp:paragraph -->\n<p><\/p>\n<!-- \/wp:paragraph -->","_en_post_name":"welcome","_en_post_excerpt":"","_en_post_title":"Welcome","_hr_post_content":"<!-- wp:paragraph -->\n<p>Apartmani Miro nalaze se u Sumartinu, 700 m od pla\u017ee Dubravka, a nude vrt, besplatno privatno parkirali\u0161te i terasu. Pansion nudi obiteljske sobe. Sobe za goste u pansionu opremljene su TV-om ravnog ekrana. Sobe u apartmanima Miro imaju vlastitu kupaonicu i besplatni WiFi. Sve sobe za goste imaju hladnjak. Najbli\u017ea zra\u010dna luka je Zra\u010dna luka Bra\u010d, udaljena 16 km od smje\u0161taja.<\/p>\n<!-- \/wp:paragraph -->\n\n<!-- wp:pullquote {\"className\":\"is-style-solid-color\"} -->\n<figure class=\"wp-block-pullquote is-style-solid-color\"><blockquote><p><strong>BESPLATAN PARKING, BESPLATAN WIFI, PRILIKA ZA LJUBIMCE, OBITELJSKE SOBE, SHUTTLE, TERASA<\/strong><\/p><\/blockquote><\/figure>\n<!-- \/wp:pullquote -->\n\n<!-- wp:image {\"align\":\"center\"} -->\n<div class=\"wp-block-image\"><figure class=\"aligncenter\"><img src=\"https:\/\/apartments-komiza.net\/addon\/sumartin\/wp-content\/uploads\/2021\/11\/214897552.jpg\" alt=\"This image has an empty alt attribute; its file name is 214897552.jpg\"\/><\/figure><\/div>\n<!-- \/wp:image -->","_hr_post_name":"","_hr_post_excerpt":"","_hr_post_title":"Dobrodo\u0161li","edit_language":"hr"},"yoast_head":"<!-- This site is optimized with the Yoast SEO plugin v18.2 - https:\/\/yoast.com\/wordpress\/plugins\/seo\/ -->\n<title>Welcome - Apartments&amp;Rooms Miro, Sumartin, island Bra\u010d<\/title>\n<meta name=\"robots\" content=\"index, follow, max-snippet:-1, max-image-preview:large, max-video-preview:-1\" \/>\n<link rel=\"canonical\" href=\"http:\/\/sumartinapartments.com\/hr\/\" \/>\n<meta property=\"og:locale\" content=\"hr_HR\" \/>\n<meta property=\"og:type\" content=\"article\" \/>\n<meta property=\"og:title\" content=\"Welcome - Apartments&amp;Rooms Miro, Sumartin, island Bra\u010d\" \/>\n<meta property=\"og:description\" content=\"Located in Sumartin, 700 m from Dubravka Beach, Apartmani Miro provides accommodation [&hellip;]\" \/>\n<meta property=\"og:url\" content=\"http:\/\/sumartinapartments.com\/hr\/\" \/>\n<meta property=\"og:site_name\" content=\"Apartments&amp;Rooms Miro, Sumartin, island Bra\u010d\" \/>\n<meta property=\"article:modified_time\" content=\"2021-11-30T15:48:44+00:00\" \/>\n<meta property=\"og:image\" content=\"https:\/\/apartments-komiza.net\/addon\/sumartin\/wp-content\/uploads\/2021\/11\/214897552.jpg\" \/>\n<meta name=\"twitter:card\" content=\"summary_large_image\" \/>\n<script type=\"application\/ld+json\" class=\"yoast-schema-graph\">{\"@context\":\"https:\/\/schema.org\",\"@graph\":[{\"@type\":\"WebSite\",\"@id\":\"http:\/\/sumartinapartments.com\/hr\/#website\",\"url\":\"http:\/\/sumartinapartments.com\/hr\/\",\"name\":\"Apartments&amp;Rooms Miro, Sumartin, island Bra\u010d\",\"description\":\"Apartments&amp;Rooms Miro, Sumartin, island Bra\u010d\",\"potentialAction\":[{\"@type\":\"SearchAction\",\"target\":{\"@type\":\"EntryPoint\",\"urlTemplate\":\"http:\/\/sumartinapartments.com\/hr\/?s={search_term_string}\"},\"query-input\":\"required name=search_term_string\"}],\"inLanguage\":\"hr\"},{\"@type\":\"ImageObject\",\"@id\":\"http:\/\/sumartinapartments.com\/hr\/#primaryimage\",\"inLanguage\":\"hr\",\"url\":\"https:\/\/apartments-komiza.net\/addon\/sumartin\/wp-content\/uploads\/2021\/11\/214897552.jpg\",\"contentUrl\":\"https:\/\/apartments-komiza.net\/addon\/sumartin\/wp-content\/uploads\/2021\/11\/214897552.jpg\"},{\"@type\":\"WebPage\",\"@id\":\"http:\/\/sumartinapartments.com\/hr\/#webpage\",\"url\":\"http:\/\/sumartinapartments.com\/hr\/\",\"name\":\"Welcome - Apartments&amp;Rooms Miro, Sumartin, island Bra\u010d\",\"isPartOf\":{\"@id\":\"http:\/\/sumartinapartments.com\/hr\/#website\"},\"primaryImageOfPage\":{\"@id\":\"http:\/\/sumartinapartments.com\/hr\/#primaryimage\"},\"datePublished\":\"2020-10-26T11:37:35+00:00\",\"dateModified\":\"2021-11-30T15:48:44+00:00\",\"breadcrumb\":{\"@id\":\"http:\/\/sumartinapartments.com\/hr\/#breadcrumb\"},\"inLanguage\":\"hr\",\"potentialAction\":[{\"@type\":\"ReadAction\",\"target\":[\"http:\/\/sumartinapartments.com\/hr\/\"]}]},{\"@type\":\"BreadcrumbList\",\"@id\":\"http:\/\/sumartinapartments.com\/hr\/#breadcrumb\",\"itemListElement\":[{\"@type\":\"ListItem\",\"position\":1,\"name\":\"Home\",\"item\":\"http:\/\/sumartinapartments.com\/hr\/\"},{\"@type\":\"ListItem\",\"position\":2,\"name\":\"Dobrodo\u0161li\"}]}]}<\/script>\n<!-- \/ Yoast SEO plugin. -->","yoast_head_json":{"title":"Welcome - Apartments&amp;Rooms Miro, Sumartin, island Bra\u010d","robots":{"index":"index","follow":"follow","max-snippet":"max-snippet:-1","max-image-preview":"max-image-preview:large","max-video-preview":"max-video-preview:-1"},"canonical":"http:\/\/sumartinapartments.com\/hr\/","og_locale":"hr_HR","og_type":"article","og_title":"Welcome - Apartments&amp;Rooms Miro, Sumartin, island Bra\u010d","og_description":"Located in Sumartin, 700 m from Dubravka Beach, Apartmani Miro provides accommodation [&hellip;]","og_url":"http:\/\/sumartinapartments.com\/hr\/","og_site_name":"Apartments&amp;Rooms Miro, Sumartin, island Bra\u010d","article_modified_time":"2021-11-30T15:48:44+00:00","og_image":[{"url":"https:\/\/apartments-komiza.net\/addon\/sumartin\/wp-content\/uploads\/2021\/11\/214897552.jpg"}],"twitter_card":"summary_large_image","schema":{"@context":"https:\/\/schema.org","@graph":[{"@type":"WebSite","@id":"http:\/\/sumartinapartments.com\/hr\/#website","url":"http:\/\/sumartinapartments.com\/hr\/","name":"Apartments&amp;Rooms Miro, Sumartin, island Bra\u010d","description":"Apartments&amp;Rooms Miro, Sumartin, island Bra\u010d","potentialAction":[{"@type":"SearchAction","target":{"@type":"EntryPoint","urlTemplate":"http:\/\/sumartinapartments.com\/hr\/?s={search_term_string}"},"query-input":"required name=search_term_string"}],"inLanguage":"hr"},{"@type":"ImageObject","@id":"http:\/\/sumartinapartments.com\/hr\/#primaryimage","inLanguage":"hr","url":"https:\/\/apartments-komiza.net\/addon\/sumartin\/wp-content\/uploads\/2021\/11\/214897552.jpg","contentUrl":"https:\/\/apartments-komiza.net\/addon\/sumartin\/wp-content\/uploads\/2021\/11\/214897552.jpg"},{"@type":"WebPage","@id":"http:\/\/sumartinapartments.com\/hr\/#webpage","url":"http:\/\/sumartinapartments.com\/hr\/","name":"Welcome - Apartments&amp;Rooms Miro, Sumartin, island Bra\u010d","isPartOf":{"@id":"http:\/\/sumartinapartments.com\/hr\/#website"},"primaryImageOfPage":{"@id":"http:\/\/sumartinapartments.com\/hr\/#primaryimage"},"datePublished":"2020-10-26T11:37:35+00:00","dateModified":"2021-11-30T15:48:44+00:00","breadcrumb":{"@id":"http:\/\/sumartinapartments.com\/hr\/#breadcrumb"},"inLanguage":"hr","potentialAction":[{"@type":"ReadAction","target":["http:\/\/sumartinapartments.com\/hr\/"]}]},{"@type":"BreadcrumbList","@id":"http:\/\/sumartinapartments.com\/hr\/#breadcrumb","itemListElement":[{"@type":"ListItem","position":1,"name":"Home","item":"http:\/\/sumartinapartments.com\/hr\/"},{"@type":"ListItem","position":2,"name":"Dobrodo\u0161li"}]}]}},"_links":{"self":[{"href":"http:\/\/sumartinapartments.com\/hr\/wp-json\/wp\/v2\/pages\/2"}],"collection":[{"href":"http:\/\/sumartinapartments.com\/hr\/wp-json\/wp\/v2\/pages"}],"about":[{"href":"http:\/\/sumartinapartments.com\/hr\/wp-json\/wp\/v2\/types\/page"}],"author":[{"embeddable":true,"href":"http:\/\/sumartinapartments.com\/hr\/wp-json\/wp\/v2\/users\/1"}],"replies":[{"embeddable":true,"href":"http:\/\/sumartinapartments.com\/hr\/wp-json\/wp\/v2\/comments?post=2"}],"version-history":[{"count":122,"href":"http:\/\/sumartinapartments.com\/hr\/wp-json\/wp\/v2\/pages\/2\/revisions"}],"predecessor-version":[{"id":972,"href":"http:\/\/sumartinapartments.com\/hr\/wp-json\/wp\/v2\/pages\/2\/revisions\/972"}],"wp:attachment":[{"href":"http:\/\/sumartinapartments.com\/hr\/wp-json\/wp\/v2\/media?parent=2"}],"curies":[{"name":"wp","href":"https:\/\/api.w.org\/{rel}","templated":true}]}}