{"id":437,"date":"2021-10-13T17:30:45","date_gmt":"2021-10-13T17:30:45","guid":{"rendered":"https:\/\/apartments-komiza.net\/addon\/sumartin\/?page_id=437"},"modified":"2022-02-28T07:31:14","modified_gmt":"2022-02-28T07:31:14","slug":"","status":"publish","type":"page","link":"http:\/\/sumartinapartments.com\/hr\/sumartin\/","title":{"rendered":"Sumartin","raw":"Sumartin"},"content":{"rendered":"\n<p>Sumartin su osnovali izbjeglice iz Makarskog primorja, bje\u017ee\u0107i od napada Osmanlija u 17. stolje\u0107u. Ubrzo su se stanovnici po\u010deli baviti ribarstvom, pomorstvom i brodogradnjom koji su danas, uz turizam, maslinarstvo i vinogradarstvo, temelj sumartinskog gospodarstva. Turizam se temelji na gotovo netaknutom okru\u017eenju, prekrasnoj prirodi i \u010distom moru te na \u0161ljun\u010danim i pje\u0161\u010danim pla\u017eama. Gastronomska ponuda uklju\u010duje doma\u0107u hranu, svje\u017eu ulovljenu ribu, zlatno maslinovo ulje i dobro vino.<\/p>\n\n\n\n<figure class=\"wp-block-image size-large\"><img loading=\"lazy\" width=\"750\" height=\"563\" src=\"https:\/\/apartments-komiza.net\/addon\/sumartin\/wp-content\/uploads\/2021\/11\/sum.jpg\" alt=\"\" class=\"wp-image-1005\" srcset=\"http:\/\/sumartinapartments.com\/wp-content\/uploads\/2021\/11\/sum.jpg 750w, http:\/\/sumartinapartments.com\/wp-content\/uploads\/2021\/11\/sum-300x225.jpg 300w\" sizes=\"(max-width: 750px) 100vw, 750px\" \/><\/figure>\n","protected":false,"raw":"<!-- wp:paragraph -->\n<p>Sumartin su osnovali izbjeglice iz Makarskog primorja, bje\u017ee\u0107i od napada Osmanlija u 17. stolje\u0107u. Ubrzo su se stanovnici po\u010deli baviti ribarstvom, pomorstvom i brodogradnjom koji su danas, uz turizam, maslinarstvo i vinogradarstvo, temelj sumartinskog gospodarstva. Turizam se temelji na gotovo netaknutom okru\u017eenju, prekrasnoj prirodi i \u010distom moru te na \u0161ljun\u010danim i pje\u0161\u010danim pla\u017eama. Gastronomska ponuda uklju\u010duje doma\u0107u hranu, svje\u017eu ulovljenu ribu, zlatno maslinovo ulje i dobro vino.<\/p>\n<!-- \/wp:paragraph -->\n\n<!-- wp:image {\"id\":1005,\"sizeSlug\":\"large\"} -->\n<figure class=\"wp-block-image size-large\"><img src=\"https:\/\/apartments-komiza.net\/addon\/sumartin\/wp-content\/uploads\/2021\/11\/sum.jpg\" alt=\"\" class=\"wp-image-1005\"\/><\/figure>\n<!-- \/wp:image -->"},"excerpt":{"rendered":"","protected":false,"raw":""},"author":1,"featured_media":0,"parent":0,"menu_order":0,"comment_status":"closed","ping_status":"closed","template":"","meta":{"_en_post_content":"<!-- wp:paragraph -->\n<p>Sumartin was founded by refugees from the Makarska littoral, escaping from the Ottomans' attacks in 17th century. Soon inhabitants started to do fishing, maritime affairs and shipbuilding which today, besides tourism, olive and wine-growing, are basis of Sumartin economy. Tourism is based on almost untouched surroundings, beautiful nature, and clean sea as well as on pebble and sandy beaches. Gastronomic offer includes home-made food, fresh catched fish, gold olive oil and good wine.<\/p>\n<!-- \/wp:paragraph -->\n\n<!-- wp:image {\"align\":\"center\",\"id\":1005,\"sizeSlug\":\"large\"} -->\n<div class=\"wp-block-image\"><figure class=\"aligncenter size-large\"><img src=\"https:\/\/apartments-komiza.net\/addon\/sumartin\/wp-content\/uploads\/2021\/11\/sum.jpg\" alt=\"\" class=\"wp-image-1005\"\/><\/figure><\/div>\n<!-- \/wp:image -->\n\n<!-- wp:paragraph -->\n<p><\/p>\n<!-- \/wp:paragraph -->","_en_post_name":"sumartin","_en_post_excerpt":"","_en_post_title":"Sumartin","_hr_post_content":"<!-- wp:paragraph -->\n<p>Sumartin su osnovali izbjeglice iz Makarskog primorja, bje\u017ee\u0107i od napada Osmanlija u 17. stolje\u0107u. Ubrzo su se stanovnici po\u010deli baviti ribarstvom, pomorstvom i brodogradnjom koji su danas, uz turizam, maslinarstvo i vinogradarstvo, temelj sumartinskog gospodarstva. Turizam se temelji na gotovo netaknutom okru\u017eenju, prekrasnoj prirodi i \u010distom moru te na \u0161ljun\u010danim i pje\u0161\u010danim pla\u017eama. Gastronomska ponuda uklju\u010duje doma\u0107u hranu, svje\u017eu ulovljenu ribu, zlatno maslinovo ulje i dobro vino.<\/p>\n<!-- \/wp:paragraph -->\n\n<!-- wp:image {\"id\":1005,\"sizeSlug\":\"large\"} -->\n<figure class=\"wp-block-image size-large\"><img src=\"https:\/\/apartments-komiza.net\/addon\/sumartin\/wp-content\/uploads\/2021\/11\/sum.jpg\" alt=\"\" class=\"wp-image-1005\"\/><\/figure>\n<!-- \/wp:image -->","_hr_post_name":"","_hr_post_excerpt":"","_hr_post_title":"Sumartin","edit_language":"hr"},"yoast_head":"<!-- This site is optimized with the Yoast SEO plugin v18.2 - https:\/\/yoast.com\/wordpress\/plugins\/seo\/ -->\n<title>Sumartin - Apartments&amp;Rooms Miro, Sumartin, island Bra\u010d<\/title>\n<meta name=\"description\" content=\"Tourism in Sumartin % is based on almost untouched surroundings, beautiful nature, and clean sea as well as on pebble and sandy beaches.\" \/>\n<meta name=\"robots\" content=\"index, follow, max-snippet:-1, max-image-preview:large, max-video-preview:-1\" \/>\n<link rel=\"canonical\" href=\"http:\/\/sumartinapartments.com\/hr\/sumartin\/\" \/>\n<meta property=\"og:locale\" content=\"hr_HR\" \/>\n<meta property=\"og:type\" content=\"article\" \/>\n<meta property=\"og:title\" content=\"Sumartin - Apartments&amp;Rooms Miro, Sumartin, island Bra\u010d\" \/>\n<meta property=\"og:description\" content=\"Tourism in Sumartin % is based on almost untouched surroundings, beautiful nature, and clean sea as well as on pebble and sandy beaches.\" \/>\n<meta property=\"og:url\" content=\"http:\/\/sumartinapartments.com\/hr\/sumartin\/\" \/>\n<meta property=\"og:site_name\" content=\"Apartments&amp;Rooms Miro, Sumartin, island Bra\u010d\" \/>\n<meta property=\"article:modified_time\" content=\"2022-02-28T07:31:14+00:00\" \/>\n<meta property=\"og:image\" content=\"https:\/\/apartments-komiza.net\/addon\/sumartin\/wp-content\/uploads\/2021\/11\/sum.jpg\" \/>\n<meta name=\"twitter:card\" content=\"summary_large_image\" \/>\n<script type=\"application\/ld+json\" class=\"yoast-schema-graph\">{\"@context\":\"https:\/\/schema.org\",\"@graph\":[{\"@type\":\"WebSite\",\"@id\":\"http:\/\/sumartinapartments.com\/hr\/#website\",\"url\":\"http:\/\/sumartinapartments.com\/hr\/\",\"name\":\"Apartments&amp;Rooms Miro, Sumartin, island Bra\u010d\",\"description\":\"Apartments&amp;Rooms Miro, Sumartin, island Bra\u010d\",\"potentialAction\":[{\"@type\":\"SearchAction\",\"target\":{\"@type\":\"EntryPoint\",\"urlTemplate\":\"http:\/\/sumartinapartments.com\/hr\/?s={search_term_string}\"},\"query-input\":\"required name=search_term_string\"}],\"inLanguage\":\"hr\"},{\"@type\":\"ImageObject\",\"@id\":\"http:\/\/sumartinapartments.com\/hr\/sumartin\/#primaryimage\",\"inLanguage\":\"hr\",\"url\":\"https:\/\/apartments-komiza.net\/addon\/sumartin\/wp-content\/uploads\/2021\/11\/sum.jpg\",\"contentUrl\":\"https:\/\/apartments-komiza.net\/addon\/sumartin\/wp-content\/uploads\/2021\/11\/sum.jpg\"},{\"@type\":\"WebPage\",\"@id\":\"http:\/\/sumartinapartments.com\/hr\/sumartin\/#webpage\",\"url\":\"http:\/\/sumartinapartments.com\/hr\/sumartin\/\",\"name\":\"Sumartin - Apartments&amp;Rooms Miro, Sumartin, island Bra\u010d\",\"isPartOf\":{\"@id\":\"http:\/\/sumartinapartments.com\/hr\/#website\"},\"primaryImageOfPage\":{\"@id\":\"http:\/\/sumartinapartments.com\/hr\/sumartin\/#primaryimage\"},\"datePublished\":\"2021-10-13T17:30:45+00:00\",\"dateModified\":\"2022-02-28T07:31:14+00:00\",\"description\":\"Tourism in Sumartin % is based on almost untouched surroundings, beautiful nature, and clean sea as well as on pebble and sandy beaches.\",\"breadcrumb\":{\"@id\":\"http:\/\/sumartinapartments.com\/hr\/sumartin\/#breadcrumb\"},\"inLanguage\":\"hr\",\"potentialAction\":[{\"@type\":\"ReadAction\",\"target\":[\"http:\/\/sumartinapartments.com\/hr\/sumartin\/\"]}]},{\"@type\":\"BreadcrumbList\",\"@id\":\"http:\/\/sumartinapartments.com\/hr\/sumartin\/#breadcrumb\",\"itemListElement\":[{\"@type\":\"ListItem\",\"position\":1,\"name\":\"Home\",\"item\":\"http:\/\/sumartinapartments.com\/hr\/\"},{\"@type\":\"ListItem\",\"position\":2,\"name\":\"Sumartin\"}]}]}<\/script>\n<!-- \/ Yoast SEO plugin. -->","yoast_head_json":{"title":"Sumartin - Apartments&amp;Rooms Miro, Sumartin, island Bra\u010d","description":"Tourism in Sumartin % is based on almost untouched surroundings, beautiful nature, and clean sea as well as on pebble and sandy beaches.","robots":{"index":"index","follow":"follow","max-snippet":"max-snippet:-1","max-image-preview":"max-image-preview:large","max-video-preview":"max-video-preview:-1"},"canonical":"http:\/\/sumartinapartments.com\/hr\/sumartin\/","og_locale":"hr_HR","og_type":"article","og_title":"Sumartin - Apartments&amp;Rooms Miro, Sumartin, island Bra\u010d","og_description":"Tourism in Sumartin % is based on almost untouched surroundings, beautiful nature, and clean sea as well as on pebble and sandy beaches.","og_url":"http:\/\/sumartinapartments.com\/hr\/sumartin\/","og_site_name":"Apartments&amp;Rooms Miro, Sumartin, island Bra\u010d","article_modified_time":"2022-02-28T07:31:14+00:00","og_image":[{"url":"https:\/\/apartments-komiza.net\/addon\/sumartin\/wp-content\/uploads\/2021\/11\/sum.jpg"}],"twitter_card":"summary_large_image","schema":{"@context":"https:\/\/schema.org","@graph":[{"@type":"WebSite","@id":"http:\/\/sumartinapartments.com\/hr\/#website","url":"http:\/\/sumartinapartments.com\/hr\/","name":"Apartments&amp;Rooms Miro, Sumartin, island Bra\u010d","description":"Apartments&amp;Rooms Miro, Sumartin, island Bra\u010d","potentialAction":[{"@type":"SearchAction","target":{"@type":"EntryPoint","urlTemplate":"http:\/\/sumartinapartments.com\/hr\/?s={search_term_string}"},"query-input":"required name=search_term_string"}],"inLanguage":"hr"},{"@type":"ImageObject","@id":"http:\/\/sumartinapartments.com\/hr\/sumartin\/#primaryimage","inLanguage":"hr","url":"https:\/\/apartments-komiza.net\/addon\/sumartin\/wp-content\/uploads\/2021\/11\/sum.jpg","contentUrl":"https:\/\/apartments-komiza.net\/addon\/sumartin\/wp-content\/uploads\/2021\/11\/sum.jpg"},{"@type":"WebPage","@id":"http:\/\/sumartinapartments.com\/hr\/sumartin\/#webpage","url":"http:\/\/sumartinapartments.com\/hr\/sumartin\/","name":"Sumartin - Apartments&amp;Rooms Miro, Sumartin, island Bra\u010d","isPartOf":{"@id":"http:\/\/sumartinapartments.com\/hr\/#website"},"primaryImageOfPage":{"@id":"http:\/\/sumartinapartments.com\/hr\/sumartin\/#primaryimage"},"datePublished":"2021-10-13T17:30:45+00:00","dateModified":"2022-02-28T07:31:14+00:00","description":"Tourism in Sumartin % is based on almost untouched surroundings, beautiful nature, and clean sea as well as on pebble and sandy beaches.","breadcrumb":{"@id":"http:\/\/sumartinapartments.com\/hr\/sumartin\/#breadcrumb"},"inLanguage":"hr","potentialAction":[{"@type":"ReadAction","target":["http:\/\/sumartinapartments.com\/hr\/sumartin\/"]}]},{"@type":"BreadcrumbList","@id":"http:\/\/sumartinapartments.com\/hr\/sumartin\/#breadcrumb","itemListElement":[{"@type":"ListItem","position":1,"name":"Home","item":"http:\/\/sumartinapartments.com\/hr\/"},{"@type":"ListItem","position":2,"name":"Sumartin"}]}]}},"_links":{"self":[{"href":"http:\/\/sumartinapartments.com\/hr\/wp-json\/wp\/v2\/pages\/437"}],"collection":[{"href":"http:\/\/sumartinapartments.com\/hr\/wp-json\/wp\/v2\/pages"}],"about":[{"href":"http:\/\/sumartinapartments.com\/hr\/wp-json\/wp\/v2\/types\/page"}],"author":[{"embeddable":true,"href":"http:\/\/sumartinapartments.com\/hr\/wp-json\/wp\/v2\/users\/1"}],"replies":[{"embeddable":true,"href":"http:\/\/sumartinapartments.com\/hr\/wp-json\/wp\/v2\/comments?post=437"}],"version-history":[{"count":19,"href":"http:\/\/sumartinapartments.com\/hr\/wp-json\/wp\/v2\/pages\/437\/revisions"}],"predecessor-version":[{"id":1007,"href":"http:\/\/sumartinapartments.com\/hr\/wp-json\/wp\/v2\/pages\/437\/revisions\/1007"}],"wp:attachment":[{"href":"http:\/\/sumartinapartments.com\/hr\/wp-json\/wp\/v2\/media?parent=437"}],"curies":[{"name":"wp","href":"https:\/\/api.w.org\/{rel}","templated":true}]}}